{"id":180,"date":"2020-11-01T21:44:02","date_gmt":"2020-11-01T21:44:02","guid":{"rendered":"http:\/\/syline.de\/?page_id=180"},"modified":"2020-12-23T21:58:47","modified_gmt":"2020-12-23T21:58:47","slug":"place-of-grace-2","status":"publish","type":"page","link":"http:\/\/syline.de\/?page_id=180","title":{"rendered":"place of grace"},"content":{"rendered":"<p><img loading=\"lazy\" decoding=\"async\" class=\"size-full wp-image-187\" src=\"http:\/\/syline.de\/wp-content\/uploads\/2020\/02\/2019_Place_of_Grace_der-kleine-heilige-ort-058.jpg\" alt=\"Place of grace - der kleine heilige Ort\" width=\"1155\" height=\"1732\" srcset=\"http:\/\/syline.de\/wp-content\/uploads\/2020\/02\/2019_Place_of_Grace_der-kleine-heilige-ort-058.jpg 1155w, http:\/\/syline.de\/wp-content\/uploads\/2020\/02\/2019_Place_of_Grace_der-kleine-heilige-ort-058-200x300.jpg 200w, http:\/\/syline.de\/wp-content\/uploads\/2020\/02\/2019_Place_of_Grace_der-kleine-heilige-ort-058-768x1152.jpg 768w, http:\/\/syline.de\/wp-content\/uploads\/2020\/02\/2019_Place_of_Grace_der-kleine-heilige-ort-058-683x1024.jpg 683w\" sizes=\"auto, (max-width: 706px) 89vw, (max-width: 767px) 82vw, 740px\" \/><br \/>\n<span style=\"color: #999999;\"><em>Place of grace &#8211; kleiner heilige Ort<\/em><\/span><\/p>\n<figure id=\"attachment_186\" aria-describedby=\"caption-attachment-186\" style=\"width: 922px\" class=\"wp-caption aligncenter\"><img loading=\"lazy\" decoding=\"async\" class=\"wp-image-186 size-full\" src=\"http:\/\/syline.de\/wp-content\/uploads\/2020\/02\/2019_Place_of_Grace_077-det.jpg\" alt=\"Place of grace- der kleine heilige Ort Detail Schublade\" width=\"922\" height=\"1382\" srcset=\"http:\/\/syline.de\/wp-content\/uploads\/2020\/02\/2019_Place_of_Grace_077-det.jpg 922w, http:\/\/syline.de\/wp-content\/uploads\/2020\/02\/2019_Place_of_Grace_077-det-200x300.jpg 200w, http:\/\/syline.de\/wp-content\/uploads\/2020\/02\/2019_Place_of_Grace_077-det-768x1151.jpg 768w, http:\/\/syline.de\/wp-content\/uploads\/2020\/02\/2019_Place_of_Grace_077-det-683x1024.jpg 683w\" sizes=\"auto, (max-width: 706px) 89vw, (max-width: 767px) 82vw, 740px\" \/><figcaption id=\"caption-attachment-186\" class=\"wp-caption-text\">Place of grace &#8211; kleiner heilige Ort<\/figcaption><\/figure>\n<p><img loading=\"lazy\" decoding=\"async\" class=\"wp-image-184 size-full\" src=\"http:\/\/syline.de\/wp-content\/uploads\/2020\/02\/8sGe25Wxht.jpg\" alt=\"Place of grace\" width=\"1200\" height=\"800\" srcset=\"http:\/\/syline.de\/wp-content\/uploads\/2020\/02\/8sGe25Wxht.jpg 1200w, http:\/\/syline.de\/wp-content\/uploads\/2020\/02\/8sGe25Wxht-300x200.jpg 300w, http:\/\/syline.de\/wp-content\/uploads\/2020\/02\/8sGe25Wxht-768x512.jpg 768w, http:\/\/syline.de\/wp-content\/uploads\/2020\/02\/8sGe25Wxht-1024x683.jpg 1024w\" sizes=\"auto, (max-width: 706px) 89vw, (max-width: 767px) 82vw, 740px\" \/><\/p>\n<p>Place of grace &#8211;\u00a0 kleiner heiliger Ort<\/p>\n<p>Holzprojekt 2019<br \/>\nGr\u00f6sse: 28cm x 18cm x 4cm<br \/>\nMassivholz. \u00d6kologische Oberfl\u00e4chenbehandlung.<br \/>\nFertigung in Kleinserien.<\/p>\n<p>Der kleine heilige Ort wird von mir aus amerikanischer Kirsche, europ\u00e4ischer Kirsche, R\u00fcster und Oliv-Esche gefertigt.<br \/>\nMehr\u00a0 Informationen per Mail unter anfrage@sylvia-uebelein.de<br \/>\nplace of grace ist aktuell in Amerikanischer Kirsche vorr\u00e4tig und sofort lieferbar.<br \/>\nLieferzeit europ. Kirsche, R\u00fcster und Oliv-Esche betr\u00e4gt 2-3 Wochen.<br \/>\nPreis und mehr Infos auf Anfrage unter anfrage@sylvia-uebelein.de<br \/>\n(Verdeckte Aufh\u00e4ngung, D\u00fcbel und Schrauben werden mitgeliefert.)<\/p>\n","protected":false},"excerpt":{"rendered":"<p>Place of grace &#8211; kleiner heilige Ort Place of grace &#8211;\u00a0 kleiner heiliger Ort Holzprojekt 2019 Gr\u00f6sse: 28cm x 18cm x 4cm Massivholz. \u00d6kologische Oberfl\u00e4chenbehandlung. Fertigung in Kleinserien. Der kleine heilige Ort wird von mir aus amerikanischer Kirsche, europ\u00e4ischer Kirsche, R\u00fcster und Oliv-Esche gefertigt. Mehr\u00a0 Informationen per Mail unter anfrage@sylvia-uebelein.de place of grace ist aktuell &hellip; <\/p>\n<p class=\"link-more\"><a href=\"http:\/\/syline.de\/?page_id=180\" class=\"more-link\"><span class=\"screen-reader-text\">\u201eplace of grace\u201c <\/span>weiterlesen<\/a><\/p>\n","protected":false},"author":1,"featured_media":0,"parent":0,"menu_order":0,"comment_status":"closed","ping_status":"closed","template":"","meta":{"footnotes":""},"class_list":["post-180","page","type-page","status-publish","hentry"],"_links":{"self":[{"href":"http:\/\/syline.de\/index.php?rest_route=\/wp\/v2\/pages\/180","targetHints":{"allow":["GET"]}}],"collection":[{"href":"http:\/\/syline.de\/index.php?rest_route=\/wp\/v2\/pages"}],"about":[{"href":"http:\/\/syline.de\/index.php?rest_route=\/wp\/v2\/types\/page"}],"author":[{"embeddable":true,"href":"http:\/\/syline.de\/index.php?rest_route=\/wp\/v2\/users\/1"}],"replies":[{"embeddable":true,"href":"http:\/\/syline.de\/index.php?rest_route=%2Fwp%2Fv2%2Fcomments&post=180"}],"version-history":[{"count":12,"href":"http:\/\/syline.de\/index.php?rest_route=\/wp\/v2\/pages\/180\/revisions"}],"predecessor-version":[{"id":275,"href":"http:\/\/syline.de\/index.php?rest_route=\/wp\/v2\/pages\/180\/revisions\/275"}],"wp:attachment":[{"href":"http:\/\/syline.de\/index.php?rest_route=%2Fwp%2Fv2%2Fmedia&parent=180"}],"curies":[{"name":"wp","href":"https:\/\/api.w.org\/{rel}","templated":true}]}}