{"id":622,"date":"2022-11-23T17:24:29","date_gmt":"2022-11-23T17:24:29","guid":{"rendered":"http:\/\/syline.de\/?page_id=622"},"modified":"2025-06-24T16:34:14","modified_gmt":"2025-06-24T16:34:14","slug":"narm","status":"publish","type":"page","link":"http:\/\/syline.de\/?page_id=622","title":{"rendered":"NARM\u00ae"},"content":{"rendered":"\n<h3 class=\"wp-block-heading\" id=\"cc-m-header-8642139620\">Heilung von Entwicklungs- und Bindungstraumata (nach Dr. L. Heller)<\/h3>\n\n\n\n<p><strong>NARM<\/strong>\u00ae wurde von <a href=\"http:\/\/www.drlaurenceheller.com\" target=\"_blank\" rel=\"noreferrer noopener\">Dr. Laurence Heller<\/a> entwickelt und&nbsp;bezieht sich auf <a href=\"http:\/\/www.somatic-experiencing.de\" target=\"_blank\" rel=\"noreferrer noopener\">Somatic Experiencing<\/a>\u00ae, die psychodynamischen Therapieans\u00e4tze und die Achtsamkeitslehre.&nbsp;<\/p>\n\n\n\n<p>Die NARM\u00ae Traumatherapie ist ein k\u00f6rperorientierter, nicht regressiver Ansatz. Wir gehen also nicht in das Trauma aus der Vergangenheit hinein, sondern betrachten dessen Auswirkungen im Hier und Jetzt.&nbsp;Die damals zur Bew\u00e4ltigung der Situation n\u00f6tigen \u00dcberlebensmuster und deren Einfluss auf unser heutiges Leben sind dabei der Fokus der Arbeit.<\/p>\n\n\n\n<p>Der therapeutische Ansatz von NARM\u00ae richtet sich auf das Nervensystem, auf die Beziehungsebene (zu sich selbst und anderen) und unsere Identifikationen &#8211; also wer wir\u00a0annehmen zu sein. Es arbeitet regulierend sowohl ausgehend vom K\u00f6rper \u00fcber die Gef\u00fchlsebene bis zur mentalen Ebene, als auch umgekehrt (Bottom-Up\u00a0 und\u00a0 Top-Down). Die therapeutischen Interventionen basieren auf achtsamer Beobachtung k\u00f6rperlicher Wahrnehmungen und einer starken Ressourcenorientierung. Damit werden die Selbstregulierungskr\u00e4fte des Nervensystems aktiviert und gest\u00e4rkt, und erm\u00f6glichen uns\u00a0so ein gl\u00fccksf\u00e4higeres und stressresistenteres Dasein.<\/p>\n\n\n\n<p>Honorar: 90 Euro pro 60 Minuten<br><em>Erm\u00e4ssigung<\/em> <em>auf Anfrage<\/em>.<br><em>Im Moment sind leider alle erm\u00e4ssigten Pl\u00e4tze belegt. (Stand Juni 2025)<\/em><\/p>\n\n\n\n<p>F\u00fcr eine Terminvereinbarung senden Sie mir bitte eine <a href=\"mailto: anfrage@sylvia-uebelein.de\" data-type=\"mailto\" data-id=\"mailto: anfrage@sylvia-uebelein.de\">Mail<\/a>, in der Sie mir Ihre Telefonnummer mitteilen.<br>Ich melde mich in der Regel im Laufe einer Woche bei Ihnen.<\/p>\n\n\n\n<p><strong>Wichtig: <\/strong><br><strong>F\u00fcr Menschen mit psychiatrischen Krankheitsbildern und bei Notf\u00e4llen bin ich nicht die richtige Anlaufstelle.<\/strong><br><\/p>\n","protected":false},"excerpt":{"rendered":"<p>Heilung von Entwicklungs- und Bindungstraumata (nach Dr. L. Heller) NARM\u00ae wurde von Dr. Laurence Heller entwickelt und&nbsp;bezieht sich auf Somatic Experiencing\u00ae, die psychodynamischen Therapieans\u00e4tze und die Achtsamkeitslehre.&nbsp; Die NARM\u00ae Traumatherapie ist ein k\u00f6rperorientierter, nicht regressiver Ansatz. Wir gehen also nicht in das Trauma aus der Vergangenheit hinein, sondern betrachten dessen Auswirkungen im Hier und Jetzt.&nbsp;Die &hellip; <\/p>\n<p class=\"link-more\"><a href=\"http:\/\/syline.de\/?page_id=622\" class=\"more-link\"><span class=\"screen-reader-text\">\u201eNARM\u00ae\u201c <\/span>weiterlesen<\/a><\/p>\n","protected":false},"author":1,"featured_media":0,"parent":0,"menu_order":0,"comment_status":"closed","ping_status":"closed","template":"","meta":{"footnotes":""},"class_list":["post-622","page","type-page","status-publish","hentry"],"_links":{"self":[{"href":"http:\/\/syline.de\/index.php?rest_route=\/wp\/v2\/pages\/622","targetHints":{"allow":["GET"]}}],"collection":[{"href":"http:\/\/syline.de\/index.php?rest_route=\/wp\/v2\/pages"}],"about":[{"href":"http:\/\/syline.de\/index.php?rest_route=\/wp\/v2\/types\/page"}],"author":[{"embeddable":true,"href":"http:\/\/syline.de\/index.php?rest_route=\/wp\/v2\/users\/1"}],"replies":[{"embeddable":true,"href":"http:\/\/syline.de\/index.php?rest_route=%2Fwp%2Fv2%2Fcomments&post=622"}],"version-history":[{"count":10,"href":"http:\/\/syline.de\/index.php?rest_route=\/wp\/v2\/pages\/622\/revisions"}],"predecessor-version":[{"id":801,"href":"http:\/\/syline.de\/index.php?rest_route=\/wp\/v2\/pages\/622\/revisions\/801"}],"wp:attachment":[{"href":"http:\/\/syline.de\/index.php?rest_route=%2Fwp%2Fv2%2Fmedia&parent=622"}],"curies":[{"name":"wp","href":"https:\/\/api.w.org\/{rel}","templated":true}]}}