{"id":98,"date":"2018-02-12T21:52:11","date_gmt":"2018-02-12T21:52:11","guid":{"rendered":"http:\/\/syline.de\/?page_id=98"},"modified":"2026-03-07T20:19:22","modified_gmt":"2026-03-07T20:19:22","slug":"ueber-mich","status":"publish","type":"page","link":"http:\/\/syline.de\/?page_id=98","title":{"rendered":"\u00dcber mich &#038; Dank"},"content":{"rendered":"<p><img loading=\"lazy\" decoding=\"async\" class=\"alignnone size-full wp-image-172\" src=\"http:\/\/syline.de\/wp-content\/uploads\/2019\/11\/portraittre.jpg\" alt=\"\" width=\"96\" height=\"96\" \/><\/p>\n<p>Seit 2002 therapeutisch t\u00e4tig. Schwerpunkte:<br \/>Refrerentin und Gruppenleiterin in <a href=\"http:\/\/syline.de\/?page_id=399\"><strong>TRE<\/strong><\/a> Trauma- &amp; Tension Releasing Exercises, \u00dcbungen zur Orientierung und Steuerung des eigenen autonomen Nervensystems mit Hilfe der Erkenntnisse der Polyvagaltheorie (Dr. Stephen Porges und Deb Dana).<br \/>Integration von Bindungs- und Entwicklungstrauma auf der Basis von <a href=\"http:\/\/syline.de\/?page_id=622\" rel=\"noopener\"><strong>NARM<\/strong><\/a><br \/><strong>Strukturelle Integration<\/strong> nach Ida Rolf <br \/><strong>Craniosacraltherapie<\/strong><br \/>k\u00f6rperorientierte Unterst\u00fctzung bei Traumaheilung,<br \/>ggf. unter Einbeziehung von Heilpflanzen<\/p>\n<p>***************************<\/p>\n<p><strong>Abschluss als HP Med.<\/strong>\u00a0 2005<br \/><strong>Ausbildungen:<\/strong><br \/><strong>Struktureller Integration<\/strong>\/tiefe Faszienarbeit nach Ida Rolf, <strong><br \/>Craniosacraltherapie,<br \/>Reflexzonentherapie<\/strong>\u00a0 am Fuss nach H. Marquardt,<br \/><strong>Phytotherapie<\/strong>\u00a0 &#8211; Heilpflanzenschule Freiburg, Ursel B\u00fchring<br \/><strong>Frauenheilkunde mit Schwerpunkt Phytotherapie<\/strong>\u00a0 &#8211; bei Heide Fischer<br \/><strong>k\u00f6rperorientierte Visualisierung <\/strong>(nach Angelika Koppe) und Arbeit mit inneren Bildern,<br \/><strong>TRE<sup>\u00ae<\/sup><\/strong>\u00a0\u2013 Tension &amp; Trauma Releasing Exercises nach David Berceli,<br \/><strong>NARM<\/strong> &#8211; NEUROAFFEKTIVES BEZIEHUNGSMODELL &#8211; Masterclass\u00a0<\/p>\n<p>Danke\u2193<\/p>\n<p>DANK AN MEINE LEHRER*INNEN UND BEGLEITER*INNEN: (unvollst\u00e4ndig, alphabetisch sortiert)<\/p>\n<p><a href=\"https:\/\/naturheilzentrum-ammerbuch.de\/aerztinnen\/praxis-heilzentrum\" target=\"_blank\" rel=\"noopener\"><strong>Dr. Cordelia Alber-Klein<\/strong><\/a> &#8211; Strukturelle Integration,\u00a0Craniosacraltherapie u.v.m.<br \/><a href=\"https:\/\/traumaprevention.com\/\" target=\"_blank\" rel=\"noopener\"><strong>David Berceli<\/strong><\/a> &#8211;\u00a0TRE<sup>\u00ae<\/sup>\u00a0\u2013 Tension &amp; Trauma Releasing Exercises<br \/><strong><a href=\"https:\/\/www.robinberkelmans.nl\/contactimprovisation\" target=\"_blank\" rel=\"noopener\">Robin Berkelmans<\/a><\/strong> &#8211; Contactimprovisation &#8211; thank you for teaching me to &#8222;be subject&#8220; and much more!!<br \/><a href=\"http:\/\/www.rolfing-praxis.de\/\" target=\"_blank\" rel=\"noopener\"><strong>Hans-Georg Brecklinghaus\u00a0<\/strong><\/a>&#8211; Strukturelle Integration<br \/><a href=\"http:\/\/www.ursel-buehring.de\/\" target=\"_blank\" rel=\"noopener\"><strong>Ursel B\u00fchring &amp; Team <\/strong><\/a> &#8211; Pflanzenheilkunde<br \/><a href=\"https:\/\/therapeuten.traumaheilung.de\/\" target=\"_blank\" rel=\"noopener\"><strong>Dami Charf SEI<sup>\u00ae<\/sup><\/strong><\/a> &#8211; Fr\u00fche Verletzungen und Entwicklungstrauma<br \/><a href=\"https:\/\/www.kaiehrhardt.com\/\" target=\"_blank\" rel=\"noopener\"><strong>Kai Erhardt <\/strong><\/a>&#8211; Continuum Movement<br \/><strong><a href=\"https:\/\/eschwege-institut.de\/\" target=\"_blank\" rel=\"noopener\">Eschwege-Institut<\/a><\/strong> &#8211; Rituale, Schwelleng\u00e4nge, Council\/Kreiskultur, 4 Schilde<br \/><a href=\"https:\/\/frauen-naturheilkunde.de\/gp\/\" target=\"_blank\" rel=\"noopener\"><strong>Heide Fischer<\/strong><\/a> &#8211; Frauenheilkunde<br \/><a href=\"https:\/\/www.eyebody.com\/de\/\" target=\"_blank\" rel=\"noopener\"><strong>Peter Grunewald<\/strong><\/a> &#8211; Eyebody<br \/><strong>Roger Kalbermatten<\/strong> (Ceres) &#8211; Pflanzenheilkunde<br \/><a href=\"https:\/\/beseelter-koerper.ch\/\" target=\"_blank\" rel=\"noopener\"><strong>Catherine Kocher\u00a0<\/strong><\/a>&#8211; Continuum Movement<br \/><a href=\"http:\/\/www.angelikakoppe.de\/\" target=\"_blank\" rel=\"noopener\"><strong>Angelika Koppe <\/strong><\/a>&#8211; k\u00f6rperorientierte Visualisierung<br \/><strong>Joachim Lichtenberg\/T\u00fcbingen <\/strong>&#8211; Craniosacraltherapie<br \/><strong><a href=\"https:\/\/schooloflostborders.org\/guide\/meredith-little-2\/\" target=\"_blank\" rel=\"noopener\">Meredith Little<\/a><\/strong> &#8211; The Practice of Living and Dying, 4 Schilde, Council<br \/><a href=\"http:\/\/www.fussreflex.de\/\" target=\"_blank\" rel=\"noopener\"><strong>Hanne Marquardt <\/strong><\/a>&#8211; Fussreflexzonentherapie<br \/><a href=\"https:\/\/michaelmokrus.de\/\" target=\"_blank\" rel=\"noopener\"><strong>Michael Mokrus\u00a0 und Team<\/strong><\/a>&#8211; NARM<sup>\u00ae<\/sup><br \/><a href=\"http:\/\/barbara-oles.de\/\" target=\"_blank\" rel=\"noopener\"><strong>Barbara Oles<\/strong><\/a> &#8211; TRE<sup>\u00ae<br \/><a href=\"https:\/\/www.stephenporges.com\/\" target=\"_blank\" rel=\"noopener\"><strong>Dr. Stephen Porges<\/strong><\/a> &#8211; Safe and Sound Protocol, Polyvagaltheorie<br \/><a href=\"https:\/\/www.amnanda.eu\/\" target=\"_blank\" rel=\"noopener\"><strong>Karin Pamm\u00e9<\/strong><\/a> &#8211; Amnanda \u00d6lkur<br \/><\/sup><a href=\"http:\/\/www.ornaralston.ch\/\" target=\"_blank\" rel=\"noopener\"><strong>Orna Ralston<\/strong><\/a> &#8211; Pr\u00e4senz, Intuition, Ritualarbeit, vorbehaltlose Liebe, schamanischer Weg des kreativen Ausdrucks mit Stimme, Tanz, Clownerie u.a.<br \/><a href=\"https:\/\/academy.pioneersofchange.org\/\" target=\"_blank\" rel=\"noopener\"><strong>Pioneers of change<\/strong><\/a> &#8211; <strong>Women Re.Member<\/strong> &#8211; Female Leadership Training<br \/><strong><a href=\"https:\/\/www.redschool.net\/\" target=\"_blank\" rel=\"noopener\">Red-School &#8211; Alexandra Pope and Sjanie Hugo Wurlitzer<\/a><\/strong> &#8211; Thank you for your mission to activate the vitality, creativity and leadership of a million people, through the magic of menstrual cycle awareness and a conscious menopause!!<br \/><strong><a href=\"https:\/\/www.upledger.de\/\" target=\"_blank\" rel=\"noopener\">Upledger Institut<\/a><\/strong>\/Susanne Koopmann &#8211; Craniosacraltherapie<br \/><a href=\"http:\/\/www.somatics.de\/\" target=\"_blank\" rel=\"noopener\"><strong>Dr. Robert Schleip <\/strong><\/a>&#8211; Faszientherapie<br \/><strong>Claudia Thiel<\/strong> &#8211; TRE<sup>\u00ae<\/sup><\/p>\n<p>DANKE AN INSPRIERENDE PERS\u00d6NLICHKEITEN UND WEGBEGLEITERINNEN: (alphabetisch sortiert)<br \/><strong>Isolde Alber<\/strong> &#8211; f\u00fcr den Einstieg in die Welt der Atemtherapie auf wunderbar k\u00fcnstlerische Art und Weise<br \/><a href=\"https:\/\/www.die-praxis-unter-der-linde.de\/\" target=\"_blank\" rel=\"noopener\"><strong>Iris B\u00e4chle-Schumacher<\/strong><\/a> &#8211; f\u00fcr die Arbeit mir dem inneren Kind, mit inneren Bildern und Reisen<br \/><a href=\"https:\/\/continuummovement.com\" target=\"_blank\" rel=\"noopener\"><strong>Emilie Conrad<\/strong><\/a> &#8211;\u00a0 f\u00fcr den Impuls, mein inneres fl\u00fcssiges Sein &#8211; verbunden mit Allem &#8211; zu erforschen<br \/><a href=\"http:\/\/www.ullifalke.de\/\" target=\"_blank\" rel=\"noopener\"><strong>Ulli Falke<\/strong><\/a> &#8211; f\u00fcr die gemeinsame Werkstattzeit und die tiefe Pr\u00e4gung f\u00fcr Material, \u00c4sthetik und die Liebe zum Tun<br \/><a href=\"http:\/\/www.dancedrum.de\/\" target=\"_blank\" rel=\"noopener\"><strong>Mary-Ann Fr\u00f6hlich<\/strong><\/a> &#8211;\u00a0 f\u00fcr die Freude am afrikanischen Tanz, Rhythmus und der Bewegung<br \/><strong><a href=\"https:\/\/schloss-glarisegg.ch\/gemeinschaft-3\/\" target=\"_blank\" rel=\"noopener\">Gemeinschaft Schloss Glarisegg<\/a><\/strong> &#8211; Danke f\u00fcr die gemeinsamen Jahre &#x2665; und die M\u00f6glichkeit der Verwirklichung des <strong><a href=\"https:\/\/permakultur-bodensee.ch\/\" target=\"_blank\" rel=\"noopener\">Permakulturgartens<\/a><\/strong><br \/><a href=\"http:\/\/zapchen.de\/julie-henderson.htm\" target=\"_blank\" rel=\"noopener\"><strong>Julie Henderson<\/strong><\/a> &#8211;\u00a0 f\u00fcr den Impuls,\u00a0 auf spielerische Art, Wohlbefinden wiederherzustellen und f\u00fcr ihre Publikationen &#8222;das Buch vom Summen&#8220;, &#8222;emboying well-being&#8220;<br \/><a href=\"https:\/\/www.visionssuche-sinnfindung.ch\/\" target=\"_blank\" rel=\"noopener\"><strong>Brigitte K\u00e4sermann<\/strong><\/a> &#8211;\u00a0 Danke f\u00fcr die Begleitung meiner Visionssuche zusammen mit Antoinette Brem und Assistenz<br \/><a href=\"http:\/\/www.wolframkarrer.de\/\" target=\"_blank\" rel=\"noopener\"><strong>Wolfram Karrer<\/strong><\/a> &#8211;\u00a0 f\u00fcr den Einstieg in die Welt der Musikimprovisation<br \/><a href=\"https:\/\/www.activehope.info\/joanna-macy.html\" target=\"_blank\" rel=\"noopener\"><strong>Joana Macy<\/strong><\/a> &#8211; f\u00fcr ihre Weiterentwicklung der Tiefen\u00f6kologie mit den tollen \u00dcbungen f\u00fcrs &#8222;Wieder-Verbinden&#8220; mit dem Erdorganismus und dem Universum<br \/><a href=\"http:\/\/www.verbunden-frei.net\/\" target=\"_blank\" rel=\"noopener\"><strong>Marija Milana<\/strong><\/a> &#8211; f\u00fcr die Inspiration, das Leben in der ureigensten Art zu leben und f\u00fcr die Freundschaft<br \/><a href=\"https:\/\/www.juergenfranzoswald.de\/\" target=\"_blank\" rel=\"noopener\"><strong>J\u00fcrgen Franz Oswald<\/strong><\/a> &#8211;\u00a0\u00a0 Danke f\u00fcr den Einblick ins Wesen der Geomantie, f\u00fcr die Freundschaft und vieles mehr!<br \/><a href=\"https:\/\/beruehrbarewelt.de\" target=\"_blank\" rel=\"noopener\"><strong>Heike Pourian<\/strong><\/a> &#8211; f\u00fcr die Trauma-sensible Contact Improvisation \/ ber\u00fchrbare Welt \/ Sensing the Change<br \/><a href=\"https:\/\/www.schwaemmle-feldenkrais.de\/\" target=\"_blank\" rel=\"noopener\"><strong>Barbara Schw\u00e4mmle<\/strong><\/a> &#8211;\u00a0 f\u00fcrs gen\u00fcssliche Eintauchen in die Feldenkrais-Methode<br \/><a href=\"http:\/\/www.judith-siedersberger.de\/\" target=\"_blank\" rel=\"noopener\"><strong>Judith Siedersberger<\/strong><\/a> &#8211; f\u00fcr ihr Sosein als K\u00fcnstlerin und den inspirierenden tiefsinngigen, kreativen Austausch<br \/><strong><a href=\"http:\/\/wunderleben.de\/\" target=\"_blank\" rel=\"noopener\">Stephanie Pricking<\/a><\/strong> &#8211; f\u00fcr das gemeinsame Forschen und den Austausch zu Bindungs- und Entwicklungstrauma u.v.m.<br \/><a href=\"http:\/\/elkevoltz.de\/\" target=\"_blank\" rel=\"noopener\"><strong>Elke Voltz<\/strong><\/a> &#8211;\u00a0\u00a0 f\u00fcr das Ermutigen, meine Stimme stimmig einzusetzen und zu geniessen<\/p>\n<p>diese Liste ist noch unvollst\u00e4ndig und wird immer wieder erweitert.<br \/>Stand Dezember 2024<\/p>\n\n\n<p><\/p>\n","protected":false},"excerpt":{"rendered":"<p>Seit 2002 therapeutisch t\u00e4tig. Schwerpunkte:Refrerentin und Gruppenleiterin in TRE Trauma- &amp; Tension Releasing Exercises, \u00dcbungen zur Orientierung und Steuerung des eigenen autonomen Nervensystems mit Hilfe der Erkenntnisse der Polyvagaltheorie (Dr. Stephen Porges und Deb Dana).Integration von Bindungs- und Entwicklungstrauma auf der Basis von NARMStrukturelle Integration nach Ida Rolf Craniosacraltherapiek\u00f6rperorientierte Unterst\u00fctzung bei Traumaheilung,ggf. unter Einbeziehung von &hellip; <\/p>\n<p class=\"link-more\"><a href=\"http:\/\/syline.de\/?page_id=98\" class=\"more-link\"><span class=\"screen-reader-text\">\u201e\u00dcber mich &#038; Dank\u201c <\/span>weiterlesen<\/a><\/p>\n","protected":false},"author":1,"featured_media":0,"parent":0,"menu_order":0,"comment_status":"closed","ping_status":"closed","template":"","meta":{"footnotes":""},"class_list":["post-98","page","type-page","status-publish","hentry"],"_links":{"self":[{"href":"http:\/\/syline.de\/index.php?rest_route=\/wp\/v2\/pages\/98","targetHints":{"allow":["GET"]}}],"collection":[{"href":"http:\/\/syline.de\/index.php?rest_route=\/wp\/v2\/pages"}],"about":[{"href":"http:\/\/syline.de\/index.php?rest_route=\/wp\/v2\/types\/page"}],"author":[{"embeddable":true,"href":"http:\/\/syline.de\/index.php?rest_route=\/wp\/v2\/users\/1"}],"replies":[{"embeddable":true,"href":"http:\/\/syline.de\/index.php?rest_route=%2Fwp%2Fv2%2Fcomments&post=98"}],"version-history":[{"count":94,"href":"http:\/\/syline.de\/index.php?rest_route=\/wp\/v2\/pages\/98\/revisions"}],"predecessor-version":[{"id":964,"href":"http:\/\/syline.de\/index.php?rest_route=\/wp\/v2\/pages\/98\/revisions\/964"}],"wp:attachment":[{"href":"http:\/\/syline.de\/index.php?rest_route=%2Fwp%2Fv2%2Fmedia&parent=98"}],"curies":[{"name":"wp","href":"https:\/\/api.w.org\/{rel}","templated":true}]}}