{"id":368,"date":"2021-08-17T11:29:24","date_gmt":"2021-08-17T11:29:24","guid":{"rendered":"http:\/\/syline.de\/?page_id=368"},"modified":"2026-02-20T16:39:30","modified_gmt":"2026-02-20T16:39:30","slug":"angebot","status":"publish","type":"page","link":"https:\/\/syline.de\/?page_id=368","title":{"rendered":"Angebot"},"content":{"rendered":"\n<p><strong>Honorar und Rechtliches<\/strong>:<br><br>Honorar je 90 \u20ac\/Stunde.<br>Es liegt mir am Herzen, dass auch Menschen mit geringerem Einkommen und Verm\u00f6gen zu mir in die Praxis kommen k\u00f6nnen. Bitte sprechen Sie mich gegebenenfalls diesbez\u00fcglich an.<br><\/p>\n\n\n\n<p>Grunds\u00e4tzlich zahlen Sie das Honorar f\u00fcr die therapeutischen Sitzungen selber. Gesetzliche Krankenkassen \u00fcbernehmen in der Regel keine Behandlungsleistungen. Private Kranken- oder Zusatzversicherungen erstatten die Behandlungskosten ganz oder teilweise. Dies kann je nach Versicherung und Vertrag sehr unterschiedlich sein. Bitte kl\u00e4ren Sie dies vorab eigenst\u00e4ndig mit Ihrer Versicherung. Die miteinander vereinbarten Behandlungskosten sind von der Erstattungsh\u00f6he Ihrer Versicherung unabh\u00e4ngig.<\/p>\n\n\n\n<p>Telefonische Beratung sowie Schriftwechsel (mit Kostentr\u00e4gern u.\u00e4.) werden nach Absprache in Rechnung gestellt.<\/p>\n\n\n\n<p>Bitte geben Sie mir so fr\u00fch wie m\u00f6glich Bescheid, wenn Sie einen vereinbarten Termin nicht einhalten k\u00f6nnen, sp\u00e4testens aber bis 24 Stunden vorher. Sitzungen, die weniger als 24 Stunden vor dem Termin abgesagt werden, m\u00fcssen unabh\u00e4ngig vom Anlass des Ausfalls vollst\u00e4ndig bezahlt werden, da sie so kurzfristig nicht wiedervergeben werden k\u00f6nnen.<\/p>\n\n\n\n<p>Heilpraktiker*innen \u00fcben ihren Beruf eigenverantwortlich aus und z\u00e4hlen zu den freien Berufen im Sinne des \u00a7 18 EStG. Die T\u00e4tigkeit der Heilpraktiker*innen beruht auf einem zum b\u00fcrgerlichen Recht geh\u00f6renden Dienstvertrag mit dem\/r Klient*in.&nbsp;<\/p>\n","protected":false},"excerpt":{"rendered":"<p>Honorar und Rechtliches: Honorar je 90 \u20ac\/Stunde.Es liegt mir am Herzen, dass auch Menschen mit geringerem Einkommen und Verm\u00f6gen zu mir in die Praxis kommen k\u00f6nnen. Bitte sprechen Sie mich gegebenenfalls diesbez\u00fcglich an. Grunds\u00e4tzlich zahlen Sie das Honorar f\u00fcr die therapeutischen Sitzungen selber. Gesetzliche Krankenkassen \u00fcbernehmen in der Regel keine Behandlungsleistungen. Private Kranken- oder Zusatzversicherungen &hellip; <\/p>\n<p class=\"link-more\"><a href=\"https:\/\/syline.de\/?page_id=368\" class=\"more-link\"><span class=\"screen-reader-text\">\u201eAngebot\u201c <\/span>weiterlesen<\/a><\/p>\n","protected":false},"author":1,"featured_media":0,"parent":0,"menu_order":0,"comment_status":"closed","ping_status":"closed","template":"","meta":{"footnotes":""},"class_list":["post-368","page","type-page","status-publish","hentry"],"_links":{"self":[{"href":"https:\/\/syline.de\/index.php?rest_route=\/wp\/v2\/pages\/368","targetHints":{"allow":["GET"]}}],"collection":[{"href":"https:\/\/syline.de\/index.php?rest_route=\/wp\/v2\/pages"}],"about":[{"href":"https:\/\/syline.de\/index.php?rest_route=\/wp\/v2\/types\/page"}],"author":[{"embeddable":true,"href":"https:\/\/syline.de\/index.php?rest_route=\/wp\/v2\/users\/1"}],"replies":[{"embeddable":true,"href":"https:\/\/syline.de\/index.php?rest_route=%2Fwp%2Fv2%2Fcomments&post=368"}],"version-history":[{"count":37,"href":"https:\/\/syline.de\/index.php?rest_route=\/wp\/v2\/pages\/368\/revisions"}],"predecessor-version":[{"id":922,"href":"https:\/\/syline.de\/index.php?rest_route=\/wp\/v2\/pages\/368\/revisions\/922"}],"wp:attachment":[{"href":"https:\/\/syline.de\/index.php?rest_route=%2Fwp%2Fv2%2Fmedia&parent=368"}],"curies":[{"name":"wp","href":"https:\/\/api.w.org\/{rel}","templated":true}]}}