{"id":454,"date":"2021-08-21T15:16:33","date_gmt":"2021-08-21T15:16:33","guid":{"rendered":"http:\/\/syline.de\/?page_id=454"},"modified":"2022-11-02T19:16:05","modified_gmt":"2022-11-02T19:16:05","slug":"strukturelle-integration","status":"publish","type":"page","link":"https:\/\/syline.de\/?page_id=454","title":{"rendered":"Strukturelle Integration"},"content":{"rendered":"\n<p><\/p>\n\n\n\n<p><\/p>\n\n\n\n<p>Die Methode der <strong>Strukturellen Integration<\/strong> wurde urspr\u00fcnglich von <strong>Dr. Ida Rolf<\/strong> entwickelt. Sie ist die Mutter der Faszientherapie.<br>Ihr Ziel ist es, durch Behandlung der <strong>Faszien<\/strong> und durch Bewegungsschulung die <strong>K\u00f6rperstruktur<\/strong> dahingehend zu beeinflussen, dass ein Mensch sich <strong>leicht und beschwerdefrei bewegen<\/strong> kann.<br>Dar\u00fcber hinaus wirkt Strukturelle Integration positiv auf das <strong>seelische Wohlbefinden <\/strong>und regt die <strong>Selbstheilungskr\u00e4fte<\/strong> an.<br>Seit 2004 bin ich dieser Methode treu und finde sie nach wie vor sehr empfehlenswert.<br>Sie ist prozessorientiert (keine Akutbehandlung) und umfasst 10 Sitzungen \u00e1 90 Minuten. Pro Sitzung 120 \u20ac.<br>Der Abstand der Sitzungen sollte im Idealfall zwei bis vier Wochen betragen.<br>Ich nehme f\u00fcr diese Art der Begleitung nur noch sehr wenige Klient*innen an. <br>Ein kostenloses Vorgespr\u00e4ch ist Vorraussetzung um zu sehen, ob wir miteinander arbeiten m\u00f6chten! <br>Die 1. Sitzung der 10er Serie kann hilfreich sein, die Enscheidung f\u00fcr alle 10 Sitzungen zu treffen.<br>Und nat\u00fcrlich kann auch abgebrochen werden. Idealerweise nach der 3. oder nach der 7. Sitzung.<br><br><br>Mehr Informationen zur Methode bei meinem Ausbildungsinstut, der Deutschen Gesellschaft f\u00fcr Strukturelle Integration: <br><a rel=\"noreferrer noopener\" href=\"http:\/\/strukturelle-integration.de\/\" target=\"_blank\">http:\/\/strukturelle-integration.de\/<\/a><\/p>\n","protected":false},"excerpt":{"rendered":"<p>Die Methode der Strukturellen Integration wurde urspr\u00fcnglich von Dr. Ida Rolf entwickelt. Sie ist die Mutter der Faszientherapie.Ihr Ziel ist es, durch Behandlung der Faszien und durch Bewegungsschulung die K\u00f6rperstruktur dahingehend zu beeinflussen, dass ein Mensch sich leicht und beschwerdefrei bewegen kann.Dar\u00fcber hinaus wirkt Strukturelle Integration positiv auf das seelische Wohlbefinden und regt die Selbstheilungskr\u00e4fte &hellip; <\/p>\n<p class=\"link-more\"><a href=\"https:\/\/syline.de\/?page_id=454\" class=\"more-link\"><span class=\"screen-reader-text\">\u201eStrukturelle Integration\u201c <\/span>weiterlesen<\/a><\/p>\n","protected":false},"author":1,"featured_media":0,"parent":0,"menu_order":0,"comment_status":"closed","ping_status":"closed","template":"","meta":{"footnotes":""},"class_list":["post-454","page","type-page","status-publish","hentry"],"_links":{"self":[{"href":"https:\/\/syline.de\/index.php?rest_route=\/wp\/v2\/pages\/454","targetHints":{"allow":["GET"]}}],"collection":[{"href":"https:\/\/syline.de\/index.php?rest_route=\/wp\/v2\/pages"}],"about":[{"href":"https:\/\/syline.de\/index.php?rest_route=\/wp\/v2\/types\/page"}],"author":[{"embeddable":true,"href":"https:\/\/syline.de\/index.php?rest_route=\/wp\/v2\/users\/1"}],"replies":[{"embeddable":true,"href":"https:\/\/syline.de\/index.php?rest_route=%2Fwp%2Fv2%2Fcomments&post=454"}],"version-history":[{"count":9,"href":"https:\/\/syline.de\/index.php?rest_route=\/wp\/v2\/pages\/454\/revisions"}],"predecessor-version":[{"id":614,"href":"https:\/\/syline.de\/index.php?rest_route=\/wp\/v2\/pages\/454\/revisions\/614"}],"wp:attachment":[{"href":"https:\/\/syline.de\/index.php?rest_route=%2Fwp%2Fv2%2Fmedia&parent=454"}],"curies":[{"name":"wp","href":"https:\/\/api.w.org\/{rel}","templated":true}]}}