{"id":82,"date":"2018-02-11T16:06:59","date_gmt":"2018-02-11T16:06:59","guid":{"rendered":"http:\/\/syline.de\/?page_id=82"},"modified":"2023-05-08T18:34:51","modified_gmt":"2023-05-08T18:34:51","slug":"kontakt","status":"publish","type":"page","link":"https:\/\/syline.de\/?page_id=82","title":{"rendered":"Kontakt und Impressum"},"content":{"rendered":"<h1 class=\"entry-title\">Kontakt<\/h1>\n<p><strong>Kontakt und Weg<\/strong><\/p>\n<p>Sylvia \u00dcbelein<br \/>\nLise-Meitnerstrasse 12<br \/>\n79100 Freiburg i.Br.<br \/>\nanfrage@sylvia-uebelein.de<br \/>\nTel.: 0176-41812843<\/p>\n<p>Der Praxisraum befindet sich im Kunst-, Gewerbe- und Therapiezentrum DIVA, Lise-Meitner-Str. 12, 79100 Freiburg im Erdgeschoss links, dann erste T\u00fcre rechts. Die n\u00e4chste Stra\u00dfenbahnhaltestelle ist wenige Minuten entfernt. Hinterm Haus befindet sich ein Parkplatz.<\/p>\n<p>Sie erreichen mich unter 0176\/41812843. Bitte sprechen Sie mir einfach auf die Mailbox und hinterlassen Sie mir Ihren Namen und Ihre Telefonnummer, ich rufe Sie so schnell wie m\u00f6glich zur\u00fcck. Gerne k\u00f6nnen Sie auch per E-Mail Kontakt zu mir aufnehmen: anfrage@sylvia-uebelein.de<\/p>\n<header class=\"entry-header\">\n<h1 class=\"entry-title\">Impressum<\/h1>\n<\/header>\n<div class=\"entry-content\">\n<div class=\"n module-type-text diyfeLiveArea \">\n<h4>Verantwortlich f\u00fcr den Inhalt nach \u00a7 55 Abs. 2 RStV:<br \/>\nSylvia \u00dcbelein<br \/>\nD-79100 Freiburg<br \/>\nE-Mail: anfrage@sylvia-uebelein.de<\/h4>\n<h4>Aufsichtsbeh\u00f6rde:<br \/>\nGesundheitsamt Breisgau-Hochschwarzwald<br \/>\nQuellenangaben f\u00fcr die verwendeten Bilder und Grafiken falls nicht anders angegeben:<br \/>\nSylvia \u00dcbelein<\/h4>\n<p>Heilbehandlungen sind umsatzsteuerfrei nach \u00a7 4 Nr. 14 UStG.<\/p>\n<div id=\"cc-m-9574863499\" class=\"n j-htmlCode \">\n<h3>Haftungsausschluss (Disclaimer)<br \/>\n<strong>Haftung f\u00fcr Inhalte<\/strong><\/h3>\n<p>Als Diensteanbieter bin ich gem\u00e4\u00df \u00a7 7 Abs.1 TMG f\u00fcr eigene Inhalte auf diesen Seiten nach den allgemeinen Gesetzen verantwortlich. Nach \u00a7\u00a7 8 bis 10 TMG sind wir als Diensteanbieter jedoch nicht verpflichtet, \u00fcbermittelte oder gespeicherte fremde Informationen zu \u00fcberwachen oder nach Umst\u00e4nden zu forschen, die auf eine rechtswidrige T\u00e4tigkeit hinweisen. Verpflichtungen zur Entfernung oder Sperrung der Nutzung von Informationen nach den allgemeinen Gesetzen bleiben hiervon unber\u00fchrt. Eine diesbez\u00fcgliche Haftung ist jedoch erst ab dem Zeitpunkt der Kenntnis einer konkreten Rechtsverletzung m\u00f6glich. Bei Bekanntwerden von entsprechenden Rechtsverletzungen werden wir diese Inhalte umgehend entfernen.<\/p>\n<p><strong>Haftung f\u00fcr Links<\/strong><\/p>\n<p>Unser Angebot enth\u00e4lt Links zu externen Webseiten Dritter, auf deren Inhalte wir keinen Einfluss haben. Deshalb k\u00f6nnen wir f\u00fcr diese fremden Inhalte auch keine Gew\u00e4hr \u00fcbernehmen. F\u00fcr die Inhalte der verlinkten Seiten ist stets der jeweilige Anbieter oder Betreiber der Seiten verantwortlich. Die verlinkten Seiten wurden zum Zeitpunkt der Verlinkung auf m\u00f6gliche Rechtsverst\u00f6\u00dfe \u00fcberpr\u00fcft. Rechtswidrige Inhalte waren zum Zeitpunkt der Verlinkung nicht erkennbar. Eine permanente inhaltliche Kontrolle der verlinkten Seiten ist jedoch ohne konkrete Anhaltspunkte einer Rechtsverletzung nicht zumutbar. Bei Bekanntwerden von Rechtsverletzungen werden wir derartige Links umgehend entfernen.<\/p>\n<p><strong>Urheberrecht<\/strong><\/p>\n<p>Die durch die Seitenbetreiber erstellten Inhalte und Werke auf diesen Seiten unterliegen dem deutschen Urheberrecht. Die Vervielf\u00e4ltigung, Bearbeitung, Verbreitung und jede Art der Verwertung au\u00dferhalb der Grenzen des Urheberrechtes bed\u00fcrfen der schriftlichen Zustimmung des jeweiligen Autors bzw. Erstellers. Downloads und Kopien dieser Seite sind nur f\u00fcr den privaten, nicht kommerziellen Gebrauch gestattet. Soweit die Inhalte auf dieser Seite nicht vom Betreiber erstellt wurden, werden die Urheberrechte Dritter beachtet. Insbesondere werden Inhalte Dritter als solche gekennzeichnet. Sollten Sie trotzdem auf eine Urheberrechtsverletzung aufmerksam werden, bitten wir um einen entsprechenden Hinweis. Bei Bekanntwerden von Rechtsverletzungen werden wir derartige Inhalte umgehend entfernen.<\/p>\n<p><em>Quellenangaben: <a href=\"http:\/\/www.e-recht24.de\/muster-disclaimer.html\" target=\"_blank\" rel=\"nofollow noopener\">eRecht24<\/a><\/em><\/p>\n<\/div>\n<\/div>\n<\/div>\n","protected":false},"excerpt":{"rendered":"<p>Kontakt Kontakt und Weg Sylvia \u00dcbelein Lise-Meitnerstrasse 12 79100 Freiburg i.Br. anfrage@sylvia-uebelein.de Tel.: 0176-41812843 Der Praxisraum befindet sich im Kunst-, Gewerbe- und Therapiezentrum DIVA, Lise-Meitner-Str. 12, 79100 Freiburg im Erdgeschoss links, dann erste T\u00fcre rechts. Die n\u00e4chste Stra\u00dfenbahnhaltestelle ist wenige Minuten entfernt. Hinterm Haus befindet sich ein Parkplatz. Sie erreichen mich unter 0176\/41812843. Bitte sprechen &hellip; <\/p>\n<p class=\"link-more\"><a href=\"https:\/\/syline.de\/?page_id=82\" class=\"more-link\"><span class=\"screen-reader-text\">\u201eKontakt und Impressum\u201c <\/span>weiterlesen<\/a><\/p>\n","protected":false},"author":1,"featured_media":0,"parent":0,"menu_order":0,"comment_status":"closed","ping_status":"closed","template":"","meta":{"footnotes":""},"class_list":["post-82","page","type-page","status-publish","hentry"],"_links":{"self":[{"href":"https:\/\/syline.de\/index.php?rest_route=\/wp\/v2\/pages\/82","targetHints":{"allow":["GET"]}}],"collection":[{"href":"https:\/\/syline.de\/index.php?rest_route=\/wp\/v2\/pages"}],"about":[{"href":"https:\/\/syline.de\/index.php?rest_route=\/wp\/v2\/types\/page"}],"author":[{"embeddable":true,"href":"https:\/\/syline.de\/index.php?rest_route=\/wp\/v2\/users\/1"}],"replies":[{"embeddable":true,"href":"https:\/\/syline.de\/index.php?rest_route=%2Fwp%2Fv2%2Fcomments&post=82"}],"version-history":[{"count":10,"href":"https:\/\/syline.de\/index.php?rest_route=\/wp\/v2\/pages\/82\/revisions"}],"predecessor-version":[{"id":676,"href":"https:\/\/syline.de\/index.php?rest_route=\/wp\/v2\/pages\/82\/revisions\/676"}],"wp:attachment":[{"href":"https:\/\/syline.de\/index.php?rest_route=%2Fwp%2Fv2%2Fmedia&parent=82"}],"curies":[{"name":"wp","href":"https:\/\/api.w.org\/{rel}","templated":true}]}}